{"id":2395,"date":"2016-06-14T10:38:25","date_gmt":"2016-06-14T09:38:25","guid":{"rendered":"http:\/\/sylco.nvandersom.dev.appsaloon.be\/fr\/?page_id=2395"},"modified":"2020-05-11T10:29:20","modified_gmt":"2020-05-11T08:29:20","slug":"pour-nous-contacter","status":"publish","type":"page","link":"https:\/\/staging.sylcoautoglass.be\/fr\/pour-nous-contacter\/","title":{"rendered":"Pour nous contacter"},"content":{"rendered":"<h3>Nous nous d\u00e9pla\u00e7ons dans tout le pays pour nos clients, mais notre si\u00e8ge se trouve ici:<\/h3>\n","protected":false},"excerpt":{"rendered":"<p>Nous nous d\u00e9pla\u00e7ons dans tout le pays pour nos clients, mais notre si\u00e8ge se trouve ici:<\/p>\n","protected":false},"author":9,"featured_media":0,"parent":0,"menu_order":0,"comment_status":"closed","ping_status":"closed","template":"template-contact.php","meta":[],"acf":[],"_links":{"self":[{"href":"https:\/\/staging.sylcoautoglass.be\/fr\/wp-json\/wp\/v2\/pages\/2395"}],"collection":[{"href":"https:\/\/staging.sylcoautoglass.be\/fr\/wp-json\/wp\/v2\/pages"}],"about":[{"href":"https:\/\/staging.sylcoautoglass.be\/fr\/wp-json\/wp\/v2\/types\/page"}],"author":[{"embeddable":true,"href":"https:\/\/staging.sylcoautoglass.be\/fr\/wp-json\/wp\/v2\/users\/9"}],"replies":[{"embeddable":true,"href":"https:\/\/staging.sylcoautoglass.be\/fr\/wp-json\/wp\/v2\/comments?post=2395"}],"version-history":[{"count":0,"href":"https:\/\/staging.sylcoautoglass.be\/fr\/wp-json\/wp\/v2\/pages\/2395\/revisions"}],"wp:attachment":[{"href":"https:\/\/staging.sylcoautoglass.be\/fr\/wp-json\/wp\/v2\/media?parent=2395"}],"curies":[{"name":"wp","href":"https:\/\/api.w.org\/{rel}","templated":true}]}}